{"id":42,"date":"2021-01-18T09:43:49","date_gmt":"2021-01-18T08:43:49","guid":{"rendered":"http:\/\/fenster-in-die-vergangenheit.de\/?page_id=42"},"modified":"2025-10-08T16:05:23","modified_gmt":"2025-10-08T14:05:23","slug":"idstein","status":"publish","type":"page","link":"https:\/\/fenster-in-die-vergangenheit.de\/en\/idstein\/","title":{"rendered":"Idstein"},"content":{"rendered":"<p id=\"idstein\">This is where the journey into the past began and this is where I am at home.<\/p>\r\n\r\n\r\n\r\n<p>Inzwischen sind in Idstein f\u00fcnf immerw\u00e4hrende Kalender und ein f\u00fcnf Jahreskalender von 2021 bis 2025 erschienen. Insgesamt gibt es fast 150 faszinierende Ansichten aus der kleinen Fachwerkstadt im Taunus.<\/p>\r\n\r\n\r\n<div class=\"album-wrapper\"><div class=\"album-grid grid-col-three\">\r\n\t\t\t\t\t\t<div class=\"album-box\">\r\n\t\t\t\t\t\t\t<a href=\"https:\/\/fenster-in-die-vergangenheit.de\/en\/album\/idstein-fenster-in-die-vergangenheit-2026\/\"><figure><img decoding=\"async\" src=\"https:\/\/fenster-in-die-vergangenheit.de\/wp-content\/uploads\/2025\/10\/2026-00-Titel_1200-600x430.jpg\"><\/figure><\/a>\r\n\t\t\t\t\t\t\t<div class=\"album-content\"><h4><a href=\"https:\/\/fenster-in-die-vergangenheit.de\/en\/album\/idstein-fenster-in-die-vergangenheit-2026\/\">Idstein \u2013 Fenster in die Vergangenheit 2026<\/a><\/h4><\/div>\r\n\t\t\t\t\t\t<\/div>\r\n\t\t\t\t\t<\/div><div class=\"album-grid grid-col-three\">\r\n\t\t\t\t\t\t<div class=\"album-box\">\r\n\t\t\t\t\t\t\t<a href=\"https:\/\/fenster-in-die-vergangenheit.de\/en\/album\/idstein-fenster-in-die-vergangenheit-2025\/\"><figure><img decoding=\"async\" src=\"https:\/\/fenster-in-die-vergangenheit.de\/wp-content\/uploads\/2025\/10\/FIN-2025-00_jiw-600x430.jpg\"><\/figure><\/a>\r\n\t\t\t\t\t\t\t<div class=\"album-content\"><h4><a href=\"https:\/\/fenster-in-die-vergangenheit.de\/en\/album\/idstein-fenster-in-die-vergangenheit-2025\/\">Idstein &#8211; Fenster in die Vergangenheit 2025<\/a><\/h4><\/div>\r\n\t\t\t\t\t\t<\/div>\r\n\t\t\t\t\t<\/div><div class=\"album-grid grid-col-three  lastcols\">\r\n\t\t\t\t\t\t<div class=\"album-box\">\r\n\t\t\t\t\t\t\t<a href=\"https:\/\/fenster-in-die-vergangenheit.de\/en\/album\/idstein-fenster-in-die-vergangenheit-2024\/\"><figure><img decoding=\"async\" src=\"https:\/\/fenster-in-die-vergangenheit.de\/wp-content\/uploads\/2023\/11\/2024-00-Titel_1200-600x430.jpg\"><\/figure><\/a>\r\n\t\t\t\t\t\t\t<div class=\"album-content\"><h4><a href=\"https:\/\/fenster-in-die-vergangenheit.de\/en\/album\/idstein-fenster-in-die-vergangenheit-2024\/\">Idstein \u2013 Fenster in die Vergangenheit 2024<\/a><\/h4><\/div>\r\n\t\t\t\t\t\t<\/div>\r\n\t\t\t\t\t<\/div><div class=\"album-grid grid-col-three\">\r\n\t\t\t\t\t\t<div class=\"album-box\">\r\n\t\t\t\t\t\t\t<a href=\"https:\/\/fenster-in-die-vergangenheit.de\/en\/album\/idstein-fenster-in-die-vergangenheit-2023\/\"><figure><img decoding=\"async\" src=\"https:\/\/fenster-in-die-vergangenheit.de\/wp-content\/uploads\/2023\/11\/2023-00-Titel_web-600x430.jpg\"><\/figure><\/a>\r\n\t\t\t\t\t\t\t<div class=\"album-content\"><h4><a href=\"https:\/\/fenster-in-die-vergangenheit.de\/en\/album\/idstein-fenster-in-die-vergangenheit-2023\/\">Idstein \u2013 Fenster in die Vergangenheit 2023<\/a><\/h4><\/div>\r\n\t\t\t\t\t\t<\/div>\r\n\t\t\t\t\t<\/div><div class=\"album-grid grid-col-three\">\r\n\t\t\t\t\t\t<div class=\"album-box\">\r\n\t\t\t\t\t\t\t<a href=\"https:\/\/fenster-in-die-vergangenheit.de\/en\/album\/idstein-fenster-in-die-vergangenheit-2022\/\"><figure><img decoding=\"async\" src=\"https:\/\/fenster-in-die-vergangenheit.de\/wp-content\/uploads\/2021\/07\/2022-00-Titel_ji-1-600x430.jpg\"><\/figure><\/a>\r\n\t\t\t\t\t\t\t<div class=\"album-content\"><h4><a href=\"https:\/\/fenster-in-die-vergangenheit.de\/en\/album\/idstein-fenster-in-die-vergangenheit-2022\/\">Idstein &#8211; Fenster in die Vergangenheit 2022<\/a><\/h4><\/div>\r\n\t\t\t\t\t\t<\/div>\r\n\t\t\t\t\t<\/div><div class=\"album-grid grid-col-three  lastcols\">\r\n\t\t\t\t\t\t<div class=\"album-box\">\r\n\t\t\t\t\t\t\t<a href=\"https:\/\/fenster-in-die-vergangenheit.de\/en\/album\/idstein-die-besten-fenster-in-die-vergangenheit-2021\/\"><figure><img decoding=\"async\" src=\"https:\/\/fenster-in-die-vergangenheit.de\/wp-content\/uploads\/2021\/01\/2021-00-Titel-600x430.jpg\"><\/figure><\/a>\r\n\t\t\t\t\t\t\t<div class=\"album-content\"><h4><a href=\"https:\/\/fenster-in-die-vergangenheit.de\/en\/album\/idstein-die-besten-fenster-in-die-vergangenheit-2021\/\">Idstein - The best windows into the past (2021)<\/a><\/h4><\/div>\r\n\t\t\t\t\t\t<\/div>\r\n\t\t\t\t\t<\/div><div class=\"album-grid grid-col-three\">\r\n\t\t\t\t\t\t<div class=\"album-box\">\r\n\t\t\t\t\t\t\t<a href=\"https:\/\/fenster-in-die-vergangenheit.de\/en\/album\/idstein-zusaetzliche-fenster-in-die-vergangenheit-2018\/\"><figure><img decoding=\"async\" src=\"https:\/\/fenster-in-die-vergangenheit.de\/wp-content\/uploads\/2021\/01\/000-Deckblatt_ji-600x430.jpg\"><\/figure><\/a>\r\n\t\t\t\t\t\t\t<div class=\"album-content\"><h4><a href=\"https:\/\/fenster-in-die-vergangenheit.de\/en\/album\/idstein-zusaetzliche-fenster-in-die-vergangenheit-2018\/\">Idstein - Additional windows into the past (2018)<\/a><\/h4><\/div>\r\n\t\t\t\t\t\t<\/div>\r\n\t\t\t\t\t<\/div><div class=\"album-grid grid-col-three\">\r\n\t\t\t\t\t\t<div class=\"album-box\">\r\n\t\t\t\t\t\t\t<a href=\"https:\/\/fenster-in-die-vergangenheit.de\/en\/album\/idstein-weitere-fenster-in-die-vergangenheit-2017\/\"><figure><img decoding=\"async\" src=\"https:\/\/fenster-in-die-vergangenheit.de\/wp-content\/uploads\/2021\/01\/000-Deckblatt-600x430.jpg\"><\/figure><\/a>\r\n\t\t\t\t\t\t\t<div class=\"album-content\"><h4><a href=\"https:\/\/fenster-in-die-vergangenheit.de\/en\/album\/idstein-weitere-fenster-in-die-vergangenheit-2017\/\">Idstein - Further Windows into the Past (2017)<\/a><\/h4><\/div>\r\n\t\t\t\t\t\t<\/div>\r\n\t\t\t\t\t<\/div><div class=\"album-grid grid-col-three  lastcols\">\r\n\t\t\t\t\t\t<div class=\"album-box\">\r\n\t\t\t\t\t\t\t<a href=\"https:\/\/fenster-in-die-vergangenheit.de\/en\/album\/idstein-neueste-fenster-in-die-vergangenheit-2016\/\"><figure><img decoding=\"async\" src=\"https:\/\/fenster-in-die-vergangenheit.de\/wp-content\/uploads\/2021\/01\/Kalender-00-Deckblatt_jiw-600x430.jpg\"><\/figure><\/a>\r\n\t\t\t\t\t\t\t<div class=\"album-content\"><h4><a href=\"https:\/\/fenster-in-die-vergangenheit.de\/en\/album\/idstein-neueste-fenster-in-die-vergangenheit-2016\/\">Idstein - Latest Windows into the Past (2016)<\/a><\/h4><\/div>\r\n\t\t\t\t\t\t<\/div>\r\n\t\t\t\t\t<\/div><div class=\"album-grid grid-col-three\">\r\n\t\t\t\t\t\t<div class=\"album-box\">\r\n\t\t\t\t\t\t\t<a href=\"https:\/\/fenster-in-die-vergangenheit.de\/en\/album\/idstein-neue-fenster-in-die-vergangenheit-2015\/\"><figure><img decoding=\"async\" src=\"https:\/\/fenster-in-die-vergangenheit.de\/wp-content\/uploads\/2021\/01\/Kalender-00-Deckblatt-600x430.jpg\"><\/figure><\/a>\r\n\t\t\t\t\t\t\t<div class=\"album-content\"><h4><a href=\"https:\/\/fenster-in-die-vergangenheit.de\/en\/album\/idstein-neue-fenster-in-die-vergangenheit-2015\/\">Idstein - New Windows into the Past (2015)<\/a><\/h4><\/div>\r\n\t\t\t\t\t\t<\/div>\r\n\t\t\t\t\t<\/div><div class=\"album-grid grid-col-three\">\r\n\t\t\t\t\t\t<div class=\"album-box\">\r\n\t\t\t\t\t\t\t<a href=\"https:\/\/fenster-in-die-vergangenheit.de\/en\/album\/idstein-fenster-in-die-vergangenheit-2014\/\"><figure><img decoding=\"async\" src=\"https:\/\/fenster-in-die-vergangenheit.de\/wp-content\/uploads\/2021\/01\/Kalender-00-Deckblatt_ji-600x430.jpg\"><\/figure><\/a>\r\n\t\t\t\t\t\t\t<div class=\"album-content\"><h4><a href=\"https:\/\/fenster-in-die-vergangenheit.de\/en\/album\/idstein-fenster-in-die-vergangenheit-2014\/\">Idstein - Windows into the Past (2014)<\/a><\/h4><\/div>\r\n\t\t\t\t\t\t<\/div>\r\n\t\t\t\t\t<\/div><div class=\"clear\"><\/div><\/div>\n\r\n\r\n\r\n<p>&nbsp;<\/p>","protected":false},"excerpt":{"rendered":"<p>Hier begann die Reise in die Vergangenheit und hier bin ich zu Hause. Inzwischen sind in Idstein f\u00fcnf immerw\u00e4hrende Kalender und ein f\u00fcnf Jahreskalender von 2021 bis 2025 erschienen. Insgesamt gibt es fast 150 faszinierende Ansichten aus der kleinen Fachwerkstadt im Taunus. &nbsp;<\/p>","protected":false},"author":1,"featured_media":84,"parent":0,"menu_order":0,"comment_status":"closed","ping_status":"closed","template":"","meta":{"ngg_post_thumbnail":0,"footnotes":""},"class_list":["post-42","page","type-page","status-publish","has-post-thumbnail","hentry"],"jetpack_sharing_enabled":true,"_links":{"self":[{"href":"https:\/\/fenster-in-die-vergangenheit.de\/en\/wp-json\/wp\/v2\/pages\/42","targetHints":{"allow":["GET"]}}],"collection":[{"href":"https:\/\/fenster-in-die-vergangenheit.de\/en\/wp-json\/wp\/v2\/pages"}],"about":[{"href":"https:\/\/fenster-in-die-vergangenheit.de\/en\/wp-json\/wp\/v2\/types\/page"}],"author":[{"embeddable":true,"href":"https:\/\/fenster-in-die-vergangenheit.de\/en\/wp-json\/wp\/v2\/users\/1"}],"replies":[{"embeddable":true,"href":"https:\/\/fenster-in-die-vergangenheit.de\/en\/wp-json\/wp\/v2\/comments?post=42"}],"version-history":[{"count":10,"href":"https:\/\/fenster-in-die-vergangenheit.de\/en\/wp-json\/wp\/v2\/pages\/42\/revisions"}],"predecessor-version":[{"id":919,"href":"https:\/\/fenster-in-die-vergangenheit.de\/en\/wp-json\/wp\/v2\/pages\/42\/revisions\/919"}],"wp:featuredmedia":[{"embeddable":true,"href":"https:\/\/fenster-in-die-vergangenheit.de\/en\/wp-json\/wp\/v2\/media\/84"}],"wp:attachment":[{"href":"https:\/\/fenster-in-die-vergangenheit.de\/en\/wp-json\/wp\/v2\/media?parent=42"}],"curies":[{"name":"wp","href":"https:\/\/api.w.org\/{rel}","templated":true}]}}